{"id":20,"date":"2018-12-24T05:01:29","date_gmt":"2018-12-24T04:01:29","guid":{"rendered":"http:\/\/wilbur.treemed.cz\/?page_id=20"},"modified":"2023-05-30T21:34:35","modified_gmt":"2023-05-30T19:34:35","slug":"o-nas","status":"publish","type":"page","link":"https:\/\/www.treemed.cz\/","title":{"rendered":"O n\u00e1s"},"content":{"rendered":"\n<p>\u017dijeme medic\u00ednou a modern\u00edmi technologiemi a zam\u011b\u0159ujeme se na jejich spojen\u00ed. Z&nbsp;celosv\u011btov\u00e9 nab\u00eddky vyb\u00edr\u00e1me pouze kvalitn\u00ed, designov\u00e9 a l\u00e9ka\u0159sky prov\u011b\u0159en\u00e9 <strong>medic\u00ednsk\u00e9 p\u0159\u00edstroje<\/strong> a dal\u0161\u00ed <strong>zdravotnick\u00e9 pom\u016fcky.&nbsp;<\/strong> Chceme tak usnadnit na\u0161im klient\u016fm \u0159e\u0161en\u00ed jejich ka\u017edodenn\u00edch pot\u0159eb.  <\/p>\n\n\n\n<p>Zab\u00fdv\u00e1me se <strong><a href=\"https:\/\/www.treemed.cz\/index.php\/velkoobchod\/\">velkoobchodem<\/a><\/strong> i <strong><a href=\"https:\/\/eshop.treemed.cz\/\">maloobchodem<\/a><\/strong>. <\/p>\n\n\n\n<p>Jsme v\u00fdhradn\u00edm distributorem <strong>Buzzy &#8211; nefarmakologick\u00e9 zdravotnick\u00e9 pom\u016fcky ke zm\u00edrn\u011bn\u00ed bolesti a strachu z injekc\u00ed<\/strong> a <strong>Vibracool &#8211; zdravotnick\u00e9 pom\u016fcky na redukci bolesti.<\/strong> P\u0159\u00edstroje jsou ur\u010deny pro d\u011bti i dosp\u011bl\u00e9 a vych\u00e1z\u00ed z principu patentovan\u00e9 neuromodulace. <a href=\"https:\/\/www.treemed.cz\/index.php\/vratkova-teorie-bolesti\/\" data-type=\"post\" data-id=\"67\">V\u00edce o vr\u00e1tkov\u00e9 teorii bolesti zde.<\/a> Dal\u0161\u00ed produkty jsou <strong>dopl\u0148ky stravy od firmy N-Medical, imunomodula\u010dn\u00ed prepar\u00e1ty (Lyzodol), kosmetika na b\u00e1zi kyseliny hyaluronov\u00e9 a kompresivn\u00ed zdravotnick\u00e9 pun\u010dochy Maxis<\/strong>.<\/p>\n\n\n\n      <div id=\"post-grid-lazy-208\" class=\"post-grid-lazy\"><img decoding=\"async\" alt=\"\" src=\"\" \/><\/div>\n    <script>\n      jQuery('#post-grid-lazy-208').ready(function($) {\n        $('#post-grid-lazy-208').fadeOut();\n        $('#post-grid-208   ').fadeIn();\n      })\n    <\/script>\n    <style type=\"text\/css\">\n      #post-grid-208 {\n        display: none;\n      }\n\n      .post-grid-lazy {\n        text-align: center;\n      }\n    <\/style>\n    <div data-options='{&quot;id&quot;:&quot;208&quot;,&quot;lazy_load&quot;:&quot;yes&quot;,&quot;masonry_enable&quot;:&quot;no&quot;,&quot;view_type&quot;:&quot;grid&quot;}' id=\"post-grid-208\" class=\"post-grid grid\">\n    \n\n\n    <div class=\"grid-items\">\n      <div class=\"item item-213 skin flat even 0 \">\n        <div class=\"layer-wrapper layout-\">\n        <div class=\"layer-media\"><a href=\"https:\/\/www.treemed.cz\/index.php\/8-nejbolestivejsich-mist-pro-tetovani\/\"><img decoding=\"async\" alt=\"\" src=\"https:\/\/www.treemed.cz\/wp-content\/uploads\/2019\/08\/shutterstock_646327681_2.jpg\" \/><\/a><\/div>\n  <div class=\"layer-content\">\n        <div class=\"element element_0  title_link \">\r\n                    <a target=\"\"\r\n                href=\"https:\/\/www.treemed.cz\/index.php\/8-nejbolestivejsich-mist-pro-tetovani\/\">8 nejbolestiv\u011bj\u0161\u00edch m\u00edst pro tetov\u00e1n\u00ed<\/a>\r\n            <\/div>\r\n    <div class=\"element element_1  excerpt \">\r\n        Tetov\u00e1n\u00ed mohou b\u00fdt kr\u00e1sn\u00e1 um\u011bleck\u00e1 d\u00edla, kter\u00e1 nos\u00edte cel\u00fd \u017eivot, vyjad\u0159uj\u00edc\u00ed n\u011bco pro v\u00e1s velmi d\u016fle\u017eit\u00e9ho a osobn\u00edho nebo ur\u010duj\u00edc\u00ed            <\/div>\r\n            <a class=\"element element_2  read_more \"\r\n            target=\"\"\r\n            href=\"https:\/\/www.treemed.cz\/index.php\/8-nejbolestivejsich-mist-pro-tetovani\/\"><\/a>\r\n      <\/div>\n    <\/div>\n  <\/div><div class=\"item item-200 skin flat odd 1 \">\n        <div class=\"layer-wrapper layout-\">\n        <div class=\"layer-media\"><a href=\"https:\/\/www.treemed.cz\/index.php\/nenalette-smejdum\/\"><img decoding=\"async\" alt=\"\" src=\"https:\/\/www.treemed.cz\/wp-content\/uploads\/2019\/08\/shutterstock_712288282-e1565686762771-1024x1024.jpg\" \/><\/a><\/div>\n  <div class=\"layer-content\">\n        <div class=\"element element_0  title_link \">\r\n                    <a target=\"\"\r\n                href=\"https:\/\/www.treemed.cz\/index.php\/nenalette-smejdum\/\">Nenale\u0165te \u201e\u0161mejd\u016fm\u201c!!!<\/a>\r\n            <\/div>\r\n    <div class=\"element element_1  excerpt \">\r\n        Podvodn\u00fdch e-shop\u016f roste jako hub po de\u0161ti a roz\u010diluje to nejen z\u00e1kazn\u00edky, ale i majitele solidn\u00edch e-shop\u016f. Kaz\u00ed jim reputaci            <\/div>\r\n            <a class=\"element element_2  read_more \"\r\n            target=\"\"\r\n            href=\"https:\/\/www.treemed.cz\/index.php\/nenalette-smejdum\/\"><\/a>\r\n      <\/div>\n    <\/div>\n  <\/div><div class=\"item item-67 skin flat even 2 \">\n        <div class=\"layer-wrapper layout-\">\n        <div class=\"layer-media\"><a href=\"https:\/\/www.treemed.cz\/index.php\/vratkova-teorie-bolesti\/\"><img decoding=\"async\" src=\"http:\/\/www.treemed.cz\/wp-content\/uploads\/2018\/12\/Gate-Control-01-1.png\" \/><\/a><\/div>\n  <div class=\"layer-content\">\n        <div class=\"element element_0  title_link \">\r\n                    <a target=\"\"\r\n                href=\"https:\/\/www.treemed.cz\/index.php\/vratkova-teorie-bolesti\/\">Vr\u00e1tkov\u00e1 teorie bolesti<\/a>\r\n            <\/div>\r\n    <div class=\"element element_1  excerpt \">\r\n        Nov\u00e9 mo\u017enosti nefarmakologick\u00e9 redukce bolesti i miniinvazivn\u00edch z\u00e1krok\u016f New approaches to non-pharmacological pain relief during miniinvasive procedures MUDr. Kate\u0159ina Klauzov\u00e1,            <\/div>\r\n            <a class=\"element element_2  read_more \"\r\n            target=\"\"\r\n            href=\"https:\/\/www.treemed.cz\/index.php\/vratkova-teorie-bolesti\/\"><\/a>\r\n      <\/div>\n    <\/div>\n  <\/div>    <\/div>\n        <script>\n          <\/script>\n    <style type=\"text\/css\">\n    #post-grid-208 .element_0 {\n      display: block;font-size: 21px;line-height: normal;padding: 5px 10px;text-align: left; text-decoration: none;    }\n\n    #post-grid-208 .element_1 {\n      display: block;font-size: 14px;padding: 5px 10px;text-align: left;    }\n\n    #post-grid-208 .element_2 {\n      display: block;font-size: 12px;font-weight: bold;padding: 0 10px;text-align: left;text-decoration: none;    }\n\n    #post-grid-208 .element_0:hover{}#post-grid-208 .element_1:hover{}#post-grid-208 .element_2:hover{}  <\/style>\n  <style type=\"text\/css\">\n    #post-grid-208 {\n      padding: 10px;\n          }\n\n    #post-grid-208 .item {\n      padding: 0px;\n      background: #fff;\n          }\n\n    #post-grid-208 .item .layer-media {\n      height:auto;    }\n\n    @media only screen and (min-width: 0px) and (max-width: 767px) {\n      #post-grid-208 .grid-items {\n        text-align: center;\n              }\n\n      #post-grid-208 .item {\n        width: 90%;\n        margin: 10px;\n        display: inline-block;\n        vertical-align: top;\n        height:auto;      }\n    }\n\n    @media only screen and (min-width: 768px) and (max-width: 1023px) {\n      #post-grid-208 .grid-items {\n        text-align: center;\n              }\n\n      #post-grid-208 .item {\n        width: 280px;\n        margin: 10px;\n        display: inline-block;\n        vertical-align: top;\n        max-height:auto;      }\n    }\n\n    @media only screen and (min-width: 1024px) {\n      #post-grid-208 .grid-items {\n        text-align: center;\n              }\n\n      #post-grid-208 .item {\n        width: 280px;\n        display: inline-block;\n        margin: 10px;\n        vertical-align: top;\n        height:auto;      }\n    }\n\n      <\/style>\n  <\/div>\n\n\n\n\n<p><\/p>\n","protected":false},"excerpt":{"rendered":"<p>\u017dijeme medic\u00ednou a modern\u00edmi technologiemi a zam\u011b\u0159ujeme se na jejich spojen\u00ed. Z&nbsp;celosv\u011btov\u00e9 nab\u00eddky vyb\u00edr\u00e1me pouze kvalitn\u00ed, designov\u00e9 a l\u00e9ka\u0159sky prov\u011b\u0159en\u00e9 medic\u00ednsk\u00e9 p\u0159\u00edstroje a dal\u0161\u00ed zdravotnick\u00e9 pom\u016fcky.&nbsp; Chceme tak usnadnit na\u0161im klient\u016fm \u0159e\u0161en\u00ed jejich ka\u017edodenn\u00edch pot\u0159eb. Zab\u00fdv\u00e1me se velkoobchodem i maloobchodem. Jsme v\u00fdhradn\u00edm distributorem Buzzy &#8211; nefarmakologick\u00e9 zdravotnick\u00e9 pom\u016fcky ke zm\u00edrn\u011bn\u00ed<span class=\"more-link\"><a href=\"https:\/\/www.treemed.cz\/index.php\/8-nejbolestivejsich-mist-pro-tetovani\/\">\u010d\u00edst d\u00e1l \u2192<\/a><\/span><\/p>\n","protected":false},"author":2,"featured_media":0,"parent":0,"menu_order":0,"comment_status":"closed","ping_status":"closed","template":"","meta":{"footnotes":""},"class_list":["entry","author-karel","post-20","page","type-page","status-publish"],"_links":{"self":[{"href":"https:\/\/www.treemed.cz\/index.php\/wp-json\/wp\/v2\/pages\/20","targetHints":{"allow":["GET"]}}],"collection":[{"href":"https:\/\/www.treemed.cz\/index.php\/wp-json\/wp\/v2\/pages"}],"about":[{"href":"https:\/\/www.treemed.cz\/index.php\/wp-json\/wp\/v2\/types\/page"}],"author":[{"embeddable":true,"href":"https:\/\/www.treemed.cz\/index.php\/wp-json\/wp\/v2\/users\/2"}],"replies":[{"embeddable":true,"href":"https:\/\/www.treemed.cz\/index.php\/wp-json\/wp\/v2\/comments?post=20"}],"version-history":[{"count":16,"href":"https:\/\/www.treemed.cz\/index.php\/wp-json\/wp\/v2\/pages\/20\/revisions"}],"predecessor-version":[{"id":365,"href":"https:\/\/www.treemed.cz\/index.php\/wp-json\/wp\/v2\/pages\/20\/revisions\/365"}],"wp:attachment":[{"href":"https:\/\/www.treemed.cz\/index.php\/wp-json\/wp\/v2\/media?parent=20"}],"curies":[{"name":"wp","href":"https:\/\/api.w.org\/{rel}","templated":true}]}}