{"id":32,"date":"2018-12-24T10:48:22","date_gmt":"2018-12-24T09:48:22","guid":{"rendered":"http:\/\/wilbur.treemed.cz\/?page_id=32"},"modified":"2023-05-30T21:04:46","modified_gmt":"2023-05-30T19:04:46","slug":"velkoobchod","status":"publish","type":"page","link":"https:\/\/www.treemed.cz\/index.php\/velkoobchod\/","title":{"rendered":"Velkoobchodn\u00ed prodej"},"content":{"rendered":"\n<p><strong>V p\u0159\u00edpad\u011b z\u00e1jmu n\u00e1s kontaktujte na adrese info@treemed.cz, za\u0161leme podrobn\u011bj\u0161\u00ed informace. <\/strong><br><\/p>\n\n\n\n<p>Model <strong>Healthcare Buzzy\u00ae<\/strong> je ur\u010den k&nbsp;profesion\u00e1ln\u00edmu pou\u017eit\u00ed pro l\u00e9ka\u0159e a st\u0159edn\u00ed zdravotnick\u00fd person\u00e1l, za \u00fa\u010delem m\u00edrn\u011bn\u00ed bolesti u mini-invazivn\u00edch z\u00e1krok\u016f. Byl vyvinut k opakovan\u00e9mu pou\u017eit\u00ed&nbsp; u v\u00edce pacient\u016f. Je robustn\u011bj\u0161\u00ed ne\u017e model pro dom\u00e1c\u00ed pou\u017eit\u00ed. <\/p>\n\n\n\n<p>P\u0159\u00edstroj se pou\u017e\u00edv\u00e1 k&nbsp;zm\u00edrn\u011bn\u00ed bolesti<\/p>\n\n\n\n<ul class=\"wp-block-list\">\n<li>p\u0159i <strong>injek\u010dn\u00ed aplikaci<\/strong> (o\u010dkov\u00e1n\u00ed, lok\u00e1ln\u00ed anest\u00e9zie, aplikace l\u00e9k\u016f\napod.)<\/li>\n\n\n\n<li>p\u0159i <strong>odb\u011brech krve<\/strong> (intraven\u00f3zn\u00ed odb\u011br krve, odb\u011br kapil\u00e1rn\u00ed krve..)<\/li>\n\n\n\n<li>p\u0159i <strong>zav\u00e1d\u011bn\u00ed kanyly<\/strong><\/li>\n\n\n\n<li>u <strong>estetick\u00fdch z\u00e1krok\u016f<\/strong> (aplikace botulotoxinu, v\u00fdpl\u0148ov\u00fdch materi\u00e1l\u016f,\ninjek\u010dn\u00ed lipol\u00fdza..). <\/li>\n\n\n\n<li>u <strong>men\u0161\u00edch poran\u011bn\u00ed<\/strong> (bolesti sval\u016f nebo \u0161lach, odstra\u0148ov\u00e1n\u00ed t\u0159\u00edsek,\np\u0159i hmyz\u00edm bodnut\u00ed \u010di kousnut\u00ed).<\/li>\n\n\n\n<li>Je tak\u00e9 ur\u010den k&nbsp;l\u00e9\u010db\u011b <strong>myofasci\u00e1ln\u00ed bolesti <\/strong>zp\u016fsoben\u00e9 spou\u0161\u0165ov\u00fdmi\nbody (tzv. myofasci\u00e1ln\u00ed trigger point (MTrP). <\/li>\n<\/ul>\n\n\n\n<figure class=\"wp-block-gallery aligncenter has-nested-images columns-3 is-cropped wp-block-gallery-1 is-layout-flex wp-block-gallery-is-layout-flex\">\n<figure class=\"wp-block-image\"><img loading=\"lazy\" decoding=\"async\" width=\"640\" height=\"480\" data-id=\"105\" src=\"https:\/\/www.treemed.cz\/wp-content\/uploads\/2018\/12\/IMG_0894.jpg\" alt=\"\" class=\"wp-image-105\"\/><\/figure>\n\n\n\n<figure class=\"wp-block-image\"><img loading=\"lazy\" decoding=\"async\" width=\"496\" height=\"331\" data-id=\"106\" src=\"https:\/\/www.treemed.cz\/wp-content\/uploads\/2018\/12\/orthopedics-e1545769330209.png\" alt=\"\" class=\"wp-image-106\"\/><\/figure>\n\n\n\n<figure class=\"wp-block-image\"><img loading=\"lazy\" decoding=\"async\" width=\"336\" height=\"338\" data-id=\"108\" src=\"https:\/\/www.treemed.cz\/wp-content\/uploads\/2018\/12\/finger-stick1.png\" alt=\"\" class=\"wp-image-108\"\/><\/figure>\n<\/figure>\n\n\n\n<p>Sou\u010d\u00e1st\u00ed modelu <strong>Healthcare Buzzy\u00ae<\/strong> jsou k\u0159\u00eddla ur\u010den\u00e1 k&nbsp;opakovan\u00e9mu pou\u017eit\u00ed\nobsahuj\u00edc\u00ed modr\u00fd gel a silikonov\u00fd upev\u0148ovac\u00ed p\u00e1sek (turniket).<\/p>\n\n\n\n<p>P\u0159\u00edstroj pracuje na <strong>principu chladu a vibrac\u00ed<\/strong>, sni\u017euje veden\u00ed a vn\u00edm\u00e1n\u00ed bolestiv\u00fdch podn\u011bt\u016f na principu vr\u00e1tkov\u00e9 teorie veden\u00ed bolesti.<\/p>\n","protected":false},"excerpt":{"rendered":"<p>V p\u0159\u00edpad\u011b z\u00e1jmu n\u00e1s kontaktujte na adrese info@treemed.cz, za\u0161leme podrobn\u011bj\u0161\u00ed informace. Model Healthcare Buzzy\u00ae je ur\u010den k&nbsp;profesion\u00e1ln\u00edmu pou\u017eit\u00ed pro l\u00e9ka\u0159e a st\u0159edn\u00ed zdravotnick\u00fd person\u00e1l, za \u00fa\u010delem m\u00edrn\u011bn\u00ed bolesti u mini-invazivn\u00edch z\u00e1krok\u016f. Byl vyvinut k opakovan\u00e9mu pou\u017eit\u00ed&nbsp; u v\u00edce pacient\u016f. Je robustn\u011bj\u0161\u00ed ne\u017e model pro dom\u00e1c\u00ed pou\u017eit\u00ed. P\u0159\u00edstroj se pou\u017e\u00edv\u00e1 k&nbsp;zm\u00edrn\u011bn\u00ed<span class=\"more-link\"><a href=\"https:\/\/www.treemed.cz\/index.php\/velkoobchod\/\">\u010d\u00edst d\u00e1l \u2192<\/a><\/span><\/p>\n","protected":false},"author":2,"featured_media":0,"parent":0,"menu_order":0,"comment_status":"closed","ping_status":"closed","template":"","meta":{"footnotes":""},"class_list":["entry","author-mk","post-32","page","type-page","status-publish"],"_links":{"self":[{"href":"https:\/\/www.treemed.cz\/index.php\/wp-json\/wp\/v2\/pages\/32","targetHints":{"allow":["GET"]}}],"collection":[{"href":"https:\/\/www.treemed.cz\/index.php\/wp-json\/wp\/v2\/pages"}],"about":[{"href":"https:\/\/www.treemed.cz\/index.php\/wp-json\/wp\/v2\/types\/page"}],"author":[{"embeddable":true,"href":"https:\/\/www.treemed.cz\/index.php\/wp-json\/wp\/v2\/users\/2"}],"replies":[{"embeddable":true,"href":"https:\/\/www.treemed.cz\/index.php\/wp-json\/wp\/v2\/comments?post=32"}],"version-history":[{"count":13,"href":"https:\/\/www.treemed.cz\/index.php\/wp-json\/wp\/v2\/pages\/32\/revisions"}],"predecessor-version":[{"id":359,"href":"https:\/\/www.treemed.cz\/index.php\/wp-json\/wp\/v2\/pages\/32\/revisions\/359"}],"wp:attachment":[{"href":"https:\/\/www.treemed.cz\/index.php\/wp-json\/wp\/v2\/media?parent=32"}],"curies":[{"name":"wp","href":"https:\/\/api.w.org\/{rel}","templated":true}]}}